{"id":339,"date":"2016-11-03T17:37:59","date_gmt":"2016-11-03T16:37:59","guid":{"rendered":"http:\/\/lawyer2.mythemecloud.io\/?page_id=339"},"modified":"2023-02-02T12:04:41","modified_gmt":"2023-02-02T11:04:41","slug":"a-propos","status":"publish","type":"page","link":"https:\/\/www.lawyer.adlane.o2switch.net\/?page_id=339","title":{"rendered":"\u00e0 propos"},"content":{"rendered":"\t\t<div data-elementor-type=\"wp-post\" data-elementor-id=\"339\" class=\"elementor elementor-339\">\n\t\t\t\t\t\t\t\t\t<section class=\"elementor-section elementor-top-section elementor-element elementor-element-n3byb0y attorneys-boxes elementor-section-boxed elementor-section-height-default elementor-section-height-default\" data-id=\"n3byb0y\" data-element_type=\"section\" data-settings=\"{&quot;background_background&quot;:&quot;classic&quot;}\">\n\t\t\t\t\t\t<div class=\"elementor-container elementor-column-gap-default\">\n\t\t\t\t\t<div class=\"elementor-column elementor-col-100 elementor-top-column elementor-element elementor-element-9e50a8b\" data-id=\"9e50a8b\" data-element_type=\"column\">\n\t\t\t<div class=\"elementor-widget-wrap elementor-element-populated\">\n\t\t\t\t\t\t\t\t<div class=\"elementor-element elementor-element-2042e57 elementor-widget__width-inherit elementor-widget elementor-widget-text-editor\" data-id=\"2042e57\" data-element_type=\"widget\" data-widget_type=\"text-editor.default\">\n\t\t\t\t<div class=\"elementor-widget-container\">\n\t\t\t<style>\/*! elementor - v3.10.2 - 29-01-2023 *\/\n.elementor-widget-text-editor.elementor-drop-cap-view-stacked .elementor-drop-cap{background-color:#818a91;color:#fff}.elementor-widget-text-editor.elementor-drop-cap-view-framed .elementor-drop-cap{color:#818a91;border:3px solid;background-color:transparent}.elementor-widget-text-editor:not(.elementor-drop-cap-view-default) .elementor-drop-cap{margin-top:8px}.elementor-widget-text-editor:not(.elementor-drop-cap-view-default) .elementor-drop-cap-letter{width:1em;height:1em}.elementor-widget-text-editor .elementor-drop-cap{float:left;text-align:center;line-height:1;font-size:50px}.elementor-widget-text-editor .elementor-drop-cap-letter{display:inline-block}<\/style>\t\t\t\t<p>Le cabinet d&rsquo;avocats A&amp;M a \u00e9t\u00e9 cr\u00e9\u00e9 \u00e0 Alger il y a plus de 20 ans dans le but de fournir des services juridiques de premier ordre aux particuliers et aux entreprises. Au fil du temps, il est devenu l&rsquo;un des leader dans le domaine juridique en Alg\u00e9rie.<\/p><p>est un cabinet d&rsquo;avocats \u00e0 visage humain, \u00e0 l&rsquo;esprit entrepreneurial, fond\u00e9 avec une passion pour les affaires, et qui cherche \u00e0 cr\u00e9er de la valeur pour sa client\u00e8le compos\u00e9e de particuliers, des start-up et de grandes entreprises. Cabinet A&amp;M est le meilleur partenaire des investisseurs, des dirigeants et des cr\u00e9ateurs d&rsquo;entreprises, on s&rsquo;engage \u00e0 vous offrir accompagnement, assistance, conseil, d\u00e9fense\u00a0 et repr\u00e9sentation devant les administrations, et juridictions.<\/p><p>Nous croyons fermement que le droit est fondamental pour notre soci\u00e9t\u00e9 et l&rsquo;aide \u00e0 se d\u00e9velopper, en plus de s&rsquo;adapter aux diverses transformations \u00e9conomiques et sociales qu&rsquo;elle rencontre. Pour faire partie de cette \u00e9volution, nous abordons nos clients avec d\u00e9vouement, r\u00e9activit\u00e9 et excellence, afin de les assister avec r\u00e9alisme et cr\u00e9ativit\u00e9 dans le traitement des questions juridiques essentielles.<\/p><p>Nous exer\u00e7ons dans le respect constant de la d\u00e9marche \u00e9thique et d\u00e9ontologique qui pr\u00e9side \u00e0 la profession d\u2019avocat.<br \/>Depuis plus de 20 ans, nous intervenons dans de nombreux domaines d&rsquo;activit\u00e9s et nous poss\u00e9dons une expertise particuli\u00e8re dans les secteurs de l&rsquo;assurance, de l&rsquo;industrie, de la construction, de la technologie et de la propriet\u00e9 intelectuelle et protection des marques.<br \/>La diversit\u00e9 de nos comp\u00e9tences nous permet de constituer des \u00e9quipes sur mesure et de r\u00e9unir les comp\u00e9tences juridiques pertinentes pour traiter chaque dossier. Nos avocats travaillent main dans la main avec votre \u00e9quipe pour vous conseiller, vous d\u00e9fendre et pr\u00e9venir voire \u00e9viter les litiges lorsque la situation le permet.<\/p><p>Nous sommes fiers d&rsquo;offrir des services adapt\u00e9s aux besoins individuels de nos clients. Nous restons \u00e9galement \u00e0 jour sur les derni\u00e8res \u00e9volutions de la loi, afin que nos clients re\u00e7oivent le meilleur conseil juridique possible.<\/p><p>Nos avocat exp\u00e9riment\u00e9s et capable de fournir des conseils juridiques de qualit\u00e9 \u00e0 nos clients. Ils dispose d&rsquo;une grande connaissance des lois et des r\u00e8glements et une tr\u00e8s grande maitrise des proc\u00e9dures, et \u00e9galement habile dans l&rsquo;art de la n\u00e9gociation et de la m\u00e9diation, pour veiller \u00e0 ce que les int\u00e9r\u00eats de ses clients soient repr\u00e9sent\u00e9s et prot\u00e9g\u00e9s de mani\u00e8re juste et \u00e9quitable.<br \/>Vous avez un bon sens de l&rsquo;\u00e9coute, qui vous permet de comprendre les besoins de vos clients et de leur fournir des conseils juridiques judicieux.<br \/>Notre Cabinet dispose d\u2019une \u00e9quipe comp\u00e9tente de conseils juridiques et d\u2019avocats collaborateurs ma\u00eetrisant parfaitement le droit local.<br \/>Depuis sa cr\u00e9ation en 2004 intervient dans tous les secteurs d\u2019activit\u00e9 et est devenu le partenaire des investisseurs locaux et internationaux .MCI se d\u00e9finit comme partenaire des investisseurs \u00e9trangers, des compagnies de recouvrement international, et des cabinets d\u2019avocats internationaux.<\/p>\t\t\t\t\t\t<\/div>\n\t\t\t\t<\/div>\n\t\t\t\t\t<\/div>\n\t\t<\/div>\n\t\t\t\t\t\t\t<\/div>\n\t\t<\/section>\n\t\t\t\t\t\t\t<\/div>\n\t\t","protected":false},"excerpt":{"rendered":"<p>Le cabinet d&rsquo;avocats A&amp;M a \u00e9t\u00e9 cr\u00e9\u00e9 \u00e0 Alger il y a plus de 20 ans dans le but de fournir des services juridiques de premier ordre aux particuliers et aux entreprises. Au fil du temps, il est devenu l&rsquo;un des leader dans le domaine juridique en Alg\u00e9rie. est un cabinet d&rsquo;avocats \u00e0 visage humain, [&hellip;]<\/p>\n","protected":false},"author":1,"featured_media":0,"parent":0,"menu_order":0,"comment_status":"closed","ping_status":"closed","template":"","meta":{"footnotes":""},"class_list":["post-339","page","type-page","status-publish","hentry","entry"],"_links":{"self":[{"href":"https:\/\/www.lawyer.adlane.o2switch.net\/index.php?rest_route=\/wp\/v2\/pages\/339","targetHints":{"allow":["GET"]}}],"collection":[{"href":"https:\/\/www.lawyer.adlane.o2switch.net\/index.php?rest_route=\/wp\/v2\/pages"}],"about":[{"href":"https:\/\/www.lawyer.adlane.o2switch.net\/index.php?rest_route=\/wp\/v2\/types\/page"}],"author":[{"embeddable":true,"href":"https:\/\/www.lawyer.adlane.o2switch.net\/index.php?rest_route=\/wp\/v2\/users\/1"}],"replies":[{"embeddable":true,"href":"https:\/\/www.lawyer.adlane.o2switch.net\/index.php?rest_route=%2Fwp%2Fv2%2Fcomments&post=339"}],"version-history":[{"count":28,"href":"https:\/\/www.lawyer.adlane.o2switch.net\/index.php?rest_route=\/wp\/v2\/pages\/339\/revisions"}],"predecessor-version":[{"id":1052,"href":"https:\/\/www.lawyer.adlane.o2switch.net\/index.php?rest_route=\/wp\/v2\/pages\/339\/revisions\/1052"}],"wp:attachment":[{"href":"https:\/\/www.lawyer.adlane.o2switch.net\/index.php?rest_route=%2Fwp%2Fv2%2Fmedia&parent=339"}],"curies":[{"name":"wp","href":"https:\/\/api.w.org\/{rel}","templated":true}]}}